{"id":136241,"date":"2020-12-08T23:40:09","date_gmt":"2020-12-08T22:40:09","guid":{"rendered":"https:\/\/www.dardel.com\/?post_type=product&#038;p=136241"},"modified":"2022-09-24T00:07:26","modified_gmt":"2022-09-23T22:07:26","slug":"6168-ecrin-2-alliances","status":"publish","type":"product","link":"https:\/\/www.dardel.com\/en\/catalogue\/ecrins-a-bijoux\/serie-61-imitation-cuir-facon-graine\/6168-ecrin-2-alliances\/","title":{"rendered":"Ecrin 2 Alliances"},"content":{"rendered":"<section class=\"wpb-content-wrapper\"><section data-vc-full-width=\"true\" data-vc-full-width-init=\"false\" class=\"vc_row wpb_row vc_row-fluid     hongo-stretch-content hongo-stretch-row-container\"><div class=\"wpb_column vc_column_container col-xs-mobile-fullwidth vc_col-sm-12\"><div class=\"vc_column-inner\"><div class=\"wpb_wrapper\"><\/div><\/div><\/div><\/section><div class=\"vc_row-full-width vc_clearfix\"><\/div>\n<\/section>","protected":false},"excerpt":{"rendered":"<ul>\n<li>Ext\u00e9rieur similicuir grain, int\u00e9rieur simili daim et satin<\/li>\n<li>Marquage uniquement \u00e0 l\u2019int\u00e9rieur du couvercle de l\u2019\u00e9crin (autre demande, nous consulter)<\/li>\n<li>Livr\u00e9 dans un fourreau<\/li>\n<\/ul>\n","protected":false},"featured_media":0,"template":"","meta":[],"product_cat":[137],"product_tag":[],"class_list":{"0":"post-136241","1":"product","2":"type-product","3":"status-publish","5":"product_cat-serie-61-imitation-cuir-facon-graine","7":"first","8":"onbackorder","9":"featured","10":"shipping-taxable","11":"product-type-variable"},"yoast_head":"<!-- This site is optimized with the Yoast SEO plugin v25.8 - https:\/\/yoast.com\/wordpress\/plugins\/seo\/ -->\n<title>Ecrin 2 Alliances | Packaging de Luxe | Dardel<\/title>\n<meta name=\"description\" content=\"Ecrin 2 Alliances \u00e0 d\u00e9couvir sur Dardel. Fabricant fran\u00e7ais du packaging de luxe.\" \/>\n<meta name=\"robots\" content=\"index, follow, max-snippet:-1, max-image-preview:large, max-video-preview:-1\" \/>\n<link rel=\"canonical\" href=\"https:\/\/www.dardel.com\/catalogue\/ecrins-a-bijoux\/serie-61-imitation-cuir-facon-graine\/6168-ecrin-2-alliances\/\" \/>\n<meta property=\"og:locale\" content=\"en_US\" \/>\n<meta property=\"og:type\" content=\"article\" \/>\n<meta property=\"og:title\" content=\"Ecrin 2 Alliances | Packaging de Luxe | Dardel\" \/>\n<meta property=\"og:description\" content=\"Ecrin 2 Alliances \u00e0 d\u00e9couvir sur Dardel. Fabricant fran\u00e7ais du packaging de luxe.\" \/>\n<meta property=\"og:url\" content=\"https:\/\/www.dardel.com\/catalogue\/ecrins-a-bijoux\/serie-61-imitation-cuir-facon-graine\/6168-ecrin-2-alliances\/\" \/>\n<meta property=\"og:site_name\" content=\"Dardel\" \/>\n<meta property=\"article:modified_time\" content=\"2022-09-23T22:07:26+00:00\" \/>\n<meta name=\"twitter:card\" content=\"summary_large_image\" \/>\n<script type=\"application\/ld+json\" class=\"yoast-schema-graph\">{\"@context\":\"https:\/\/schema.org\",\"@graph\":[{\"@type\":\"WebPage\",\"@id\":\"https:\/\/www.dardel.com\/catalogue\/ecrins-a-bijoux\/serie-61-imitation-cuir-facon-graine\/6168-ecrin-2-alliances\/\",\"url\":\"https:\/\/www.dardel.com\/catalogue\/ecrins-a-bijoux\/serie-61-imitation-cuir-facon-graine\/6168-ecrin-2-alliances\/\",\"name\":\"Ecrin 2 Alliances | Packaging de Luxe | Dardel\",\"isPartOf\":{\"@id\":\"https:\/\/www.dardel.com\/#website\"},\"datePublished\":\"2020-12-08T22:40:09+00:00\",\"dateModified\":\"2022-09-23T22:07:26+00:00\",\"description\":\"Ecrin 2 Alliances \u00e0 d\u00e9couvir sur Dardel. Fabricant fran\u00e7ais du packaging de luxe.\",\"breadcrumb\":{\"@id\":\"https:\/\/www.dardel.com\/catalogue\/ecrins-a-bijoux\/serie-61-imitation-cuir-facon-graine\/6168-ecrin-2-alliances\/#breadcrumb\"},\"inLanguage\":\"en-US\",\"potentialAction\":[{\"@type\":\"ReadAction\",\"target\":[\"https:\/\/www.dardel.com\/catalogue\/ecrins-a-bijoux\/serie-61-imitation-cuir-facon-graine\/6168-ecrin-2-alliances\/\"]}]},{\"@type\":\"BreadcrumbList\",\"@id\":\"https:\/\/www.dardel.com\/catalogue\/ecrins-a-bijoux\/serie-61-imitation-cuir-facon-graine\/6168-ecrin-2-alliances\/#breadcrumb\",\"itemListElement\":[{\"@type\":\"ListItem\",\"position\":1,\"name\":\"Accueil\",\"item\":\"https:\/\/www.dardel.com\/\"},{\"@type\":\"ListItem\",\"position\":2,\"name\":\"Catalogue\",\"item\":\"https:\/\/www.dardel.com\/catalogue\/\"},{\"@type\":\"ListItem\",\"position\":3,\"name\":\"Ecrin 2 Alliances\"}]},{\"@type\":\"WebSite\",\"@id\":\"https:\/\/www.dardel.com\/#website\",\"url\":\"https:\/\/www.dardel.com\/\",\"name\":\"Dardel\",\"description\":\"Packaging luxe, pr\u00e9sentoir bijoux, bo\u00eete \u00e0 bijoux\",\"potentialAction\":[{\"@type\":\"SearchAction\",\"target\":{\"@type\":\"EntryPoint\",\"urlTemplate\":\"https:\/\/www.dardel.com\/?s={search_term_string}\"},\"query-input\":{\"@type\":\"PropertyValueSpecification\",\"valueRequired\":true,\"valueName\":\"search_term_string\"}}],\"inLanguage\":\"en-US\"}]}<\/script>\n<!-- \/ Yoast SEO plugin. -->","yoast_head_json":{"title":"Ecrin 2 Alliances | Packaging de Luxe | Dardel","description":"Ecrin 2 Alliances \u00e0 d\u00e9couvir sur Dardel. Fabricant fran\u00e7ais du packaging de luxe.","robots":{"index":"index","follow":"follow","max-snippet":"max-snippet:-1","max-image-preview":"max-image-preview:large","max-video-preview":"max-video-preview:-1"},"canonical":"https:\/\/www.dardel.com\/catalogue\/ecrins-a-bijoux\/serie-61-imitation-cuir-facon-graine\/6168-ecrin-2-alliances\/","og_locale":"en_US","og_type":"article","og_title":"Ecrin 2 Alliances | Packaging de Luxe | Dardel","og_description":"Ecrin 2 Alliances \u00e0 d\u00e9couvir sur Dardel. Fabricant fran\u00e7ais du packaging de luxe.","og_url":"https:\/\/www.dardel.com\/catalogue\/ecrins-a-bijoux\/serie-61-imitation-cuir-facon-graine\/6168-ecrin-2-alliances\/","og_site_name":"Dardel","article_modified_time":"2022-09-23T22:07:26+00:00","twitter_card":"summary_large_image","schema":{"@context":"https:\/\/schema.org","@graph":[{"@type":"WebPage","@id":"https:\/\/www.dardel.com\/catalogue\/ecrins-a-bijoux\/serie-61-imitation-cuir-facon-graine\/6168-ecrin-2-alliances\/","url":"https:\/\/www.dardel.com\/catalogue\/ecrins-a-bijoux\/serie-61-imitation-cuir-facon-graine\/6168-ecrin-2-alliances\/","name":"Ecrin 2 Alliances | Packaging de Luxe | Dardel","isPartOf":{"@id":"https:\/\/www.dardel.com\/#website"},"datePublished":"2020-12-08T22:40:09+00:00","dateModified":"2022-09-23T22:07:26+00:00","description":"Ecrin 2 Alliances \u00e0 d\u00e9couvir sur Dardel. Fabricant fran\u00e7ais du packaging de luxe.","breadcrumb":{"@id":"https:\/\/www.dardel.com\/catalogue\/ecrins-a-bijoux\/serie-61-imitation-cuir-facon-graine\/6168-ecrin-2-alliances\/#breadcrumb"},"inLanguage":"en-US","potentialAction":[{"@type":"ReadAction","target":["https:\/\/www.dardel.com\/catalogue\/ecrins-a-bijoux\/serie-61-imitation-cuir-facon-graine\/6168-ecrin-2-alliances\/"]}]},{"@type":"BreadcrumbList","@id":"https:\/\/www.dardel.com\/catalogue\/ecrins-a-bijoux\/serie-61-imitation-cuir-facon-graine\/6168-ecrin-2-alliances\/#breadcrumb","itemListElement":[{"@type":"ListItem","position":1,"name":"Accueil","item":"https:\/\/www.dardel.com\/"},{"@type":"ListItem","position":2,"name":"Catalogue","item":"https:\/\/www.dardel.com\/catalogue\/"},{"@type":"ListItem","position":3,"name":"Ecrin 2 Alliances"}]},{"@type":"WebSite","@id":"https:\/\/www.dardel.com\/#website","url":"https:\/\/www.dardel.com\/","name":"Dardel","description":"Packaging luxe, pr\u00e9sentoir bijoux, bo\u00eete \u00e0 bijoux","potentialAction":[{"@type":"SearchAction","target":{"@type":"EntryPoint","urlTemplate":"https:\/\/www.dardel.com\/?s={search_term_string}"},"query-input":{"@type":"PropertyValueSpecification","valueRequired":true,"valueName":"search_term_string"}}],"inLanguage":"en-US"}]}},"_links":{"self":[{"href":"https:\/\/www.dardel.com\/en\/wp-json\/wp\/v2\/product\/136241","targetHints":{"allow":["GET"]}}],"collection":[{"href":"https:\/\/www.dardel.com\/en\/wp-json\/wp\/v2\/product"}],"about":[{"href":"https:\/\/www.dardel.com\/en\/wp-json\/wp\/v2\/types\/product"}],"wp:attachment":[{"href":"https:\/\/www.dardel.com\/en\/wp-json\/wp\/v2\/media?parent=136241"}],"wp:term":[{"taxonomy":"product_cat","embeddable":true,"href":"https:\/\/www.dardel.com\/en\/wp-json\/wp\/v2\/product_cat?post=136241"},{"taxonomy":"product_tag","embeddable":true,"href":"https:\/\/www.dardel.com\/en\/wp-json\/wp\/v2\/product_tag?post=136241"}],"curies":[{"name":"wp","href":"https:\/\/api.w.org\/{rel}","templated":true}]}}