{"id":159747,"date":"2020-12-24T14:30:53","date_gmt":"2020-12-24T13:30:53","guid":{"rendered":"https:\/\/www.dardel.com\/?post_type=product&#038;p=159747"},"modified":"2020-12-26T02:52:40","modified_gmt":"2020-12-26T01:52:40","slug":"ecrin-collier-2","status":"publish","type":"product","link":"https:\/\/www.dardel.com\/en\/catalogue\/ecrins-a-bijoux\/serie-72-cuir-lisse-forme-chapelle\/serie-72-avec-patte-de-fermeture\/serie-72-minimum-50-pieces\/ecrin-collier-2\/","title":{"rendered":"Ecrin collier"},"content":{"rendered":"<section class=\"wpb-content-wrapper\"><section data-vc-full-width=\"true\" data-vc-full-width-init=\"false\" class=\"vc_row wpb_row vc_row-fluid     hongo-stretch-content hongo-stretch-row-container\"><div class=\"wpb_column vc_column_container col-xs-mobile-fullwidth vc_col-sm-12\"><div class=\"vc_column-inner\"><div class=\"wpb_wrapper\"><\/div><\/div><\/div><\/section><div class=\"vc_row-full-width vc_clearfix\"><\/div>\n<\/section>","protected":false},"excerpt":{"rendered":"<p>Ecrin en forme chapelle \u00ab Made in France \u00bb<\/p>\n<ul>\n<li>Ext\u00e9rieur v\u00e9ritable cuir lisse<\/li>\n<li>Int\u00e9rieur v\u00e9ritable daim<\/li>\n<li>Marquage du logo \u00e0 l\u2019int\u00e9rieur de l\u2019\u00e9crin<\/li>\n<li>Livr\u00e9 sous fourreau cartonn\u00e9<\/li>\n<\/ul>\n","protected":false},"featured_media":168756,"template":"","meta":[],"product_cat":[315],"product_tag":[],"class_list":{"0":"post-159747","1":"product","2":"type-product","3":"status-publish","4":"has-post-thumbnail","6":"product_cat-serie-72-minimum-50-pieces","8":"first","9":"onbackorder","10":"featured","11":"shipping-taxable","12":"product-type-variable","13":"has-default-attributes","14":"hongo-alternate-image-wrap"},"yoast_head":"<!-- This site is optimized with the Yoast SEO plugin v25.8 - https:\/\/yoast.com\/wordpress\/plugins\/seo\/ -->\n<title>Ecrin collier | Packaging de Luxe | Dardel<\/title>\n<meta name=\"description\" content=\"Ecrin collier \u00e0 d\u00e9couvir sur Dardel. Fabricant fran\u00e7ais du packaging de luxe.\" \/>\n<meta name=\"robots\" content=\"index, follow, max-snippet:-1, max-image-preview:large, max-video-preview:-1\" \/>\n<link rel=\"canonical\" href=\"https:\/\/www.dardel.com\/catalogue\/ecrins-a-bijoux\/serie-72-cuir-lisse-forme-chapelle\/serie-72-avec-patte-de-fermeture\/serie-72-minimum-50-pieces\/ecrin-collier-2\/\" \/>\n<meta property=\"og:locale\" content=\"en_US\" \/>\n<meta property=\"og:type\" content=\"article\" \/>\n<meta property=\"og:title\" content=\"Ecrin collier | Packaging de Luxe | Dardel\" \/>\n<meta property=\"og:description\" content=\"Ecrin collier \u00e0 d\u00e9couvir sur Dardel. Fabricant fran\u00e7ais du packaging de luxe.\" \/>\n<meta property=\"og:url\" content=\"https:\/\/www.dardel.com\/catalogue\/ecrins-a-bijoux\/serie-72-cuir-lisse-forme-chapelle\/serie-72-avec-patte-de-fermeture\/serie-72-minimum-50-pieces\/ecrin-collier-2\/\" \/>\n<meta property=\"og:site_name\" content=\"Dardel\" \/>\n<meta property=\"article:modified_time\" content=\"2020-12-26T01:52:40+00:00\" \/>\n<meta property=\"og:image\" content=\"https:\/\/www.dardel.com\/wp-content\/uploads\/2020\/12\/7223-int-rouge-ext-menthe-mint.png\" \/>\n\t<meta property=\"og:image:width\" content=\"1000\" \/>\n\t<meta property=\"og:image:height\" content=\"1000\" \/>\n\t<meta property=\"og:image:type\" content=\"image\/png\" \/>\n<meta name=\"twitter:card\" content=\"summary_large_image\" \/>\n<script type=\"application\/ld+json\" class=\"yoast-schema-graph\">{\"@context\":\"https:\/\/schema.org\",\"@graph\":[{\"@type\":\"WebPage\",\"@id\":\"https:\/\/www.dardel.com\/catalogue\/ecrins-a-bijoux\/serie-72-cuir-lisse-forme-chapelle\/serie-72-avec-patte-de-fermeture\/serie-72-minimum-50-pieces\/ecrin-collier-2\/\",\"url\":\"https:\/\/www.dardel.com\/catalogue\/ecrins-a-bijoux\/serie-72-cuir-lisse-forme-chapelle\/serie-72-avec-patte-de-fermeture\/serie-72-minimum-50-pieces\/ecrin-collier-2\/\",\"name\":\"Ecrin collier | Packaging de Luxe | Dardel\",\"isPartOf\":{\"@id\":\"https:\/\/www.dardel.com\/#website\"},\"primaryImageOfPage\":{\"@id\":\"https:\/\/www.dardel.com\/catalogue\/ecrins-a-bijoux\/serie-72-cuir-lisse-forme-chapelle\/serie-72-avec-patte-de-fermeture\/serie-72-minimum-50-pieces\/ecrin-collier-2\/#primaryimage\"},\"image\":{\"@id\":\"https:\/\/www.dardel.com\/catalogue\/ecrins-a-bijoux\/serie-72-cuir-lisse-forme-chapelle\/serie-72-avec-patte-de-fermeture\/serie-72-minimum-50-pieces\/ecrin-collier-2\/#primaryimage\"},\"thumbnailUrl\":\"https:\/\/www.dardel.com\/wp-content\/uploads\/2020\/12\/7223-int-rouge-ext-menthe-mint.png\",\"datePublished\":\"2020-12-24T13:30:53+00:00\",\"dateModified\":\"2020-12-26T01:52:40+00:00\",\"description\":\"Ecrin collier \u00e0 d\u00e9couvir sur Dardel. Fabricant fran\u00e7ais du packaging de luxe.\",\"breadcrumb\":{\"@id\":\"https:\/\/www.dardel.com\/catalogue\/ecrins-a-bijoux\/serie-72-cuir-lisse-forme-chapelle\/serie-72-avec-patte-de-fermeture\/serie-72-minimum-50-pieces\/ecrin-collier-2\/#breadcrumb\"},\"inLanguage\":\"en-US\",\"potentialAction\":[{\"@type\":\"ReadAction\",\"target\":[\"https:\/\/www.dardel.com\/catalogue\/ecrins-a-bijoux\/serie-72-cuir-lisse-forme-chapelle\/serie-72-avec-patte-de-fermeture\/serie-72-minimum-50-pieces\/ecrin-collier-2\/\"]}]},{\"@type\":\"ImageObject\",\"inLanguage\":\"en-US\",\"@id\":\"https:\/\/www.dardel.com\/catalogue\/ecrins-a-bijoux\/serie-72-cuir-lisse-forme-chapelle\/serie-72-avec-patte-de-fermeture\/serie-72-minimum-50-pieces\/ecrin-collier-2\/#primaryimage\",\"url\":\"https:\/\/www.dardel.com\/wp-content\/uploads\/2020\/12\/7223-int-rouge-ext-menthe-mint.png\",\"contentUrl\":\"https:\/\/www.dardel.com\/wp-content\/uploads\/2020\/12\/7223-int-rouge-ext-menthe-mint.png\",\"width\":1000,\"height\":1000},{\"@type\":\"BreadcrumbList\",\"@id\":\"https:\/\/www.dardel.com\/catalogue\/ecrins-a-bijoux\/serie-72-cuir-lisse-forme-chapelle\/serie-72-avec-patte-de-fermeture\/serie-72-minimum-50-pieces\/ecrin-collier-2\/#breadcrumb\",\"itemListElement\":[{\"@type\":\"ListItem\",\"position\":1,\"name\":\"Accueil\",\"item\":\"https:\/\/www.dardel.com\/\"},{\"@type\":\"ListItem\",\"position\":2,\"name\":\"Catalogue\",\"item\":\"https:\/\/www.dardel.com\/catalogue\/\"},{\"@type\":\"ListItem\",\"position\":3,\"name\":\"Ecrin collier\"}]},{\"@type\":\"WebSite\",\"@id\":\"https:\/\/www.dardel.com\/#website\",\"url\":\"https:\/\/www.dardel.com\/\",\"name\":\"Dardel\",\"description\":\"Packaging luxe, pr\u00e9sentoir bijoux, bo\u00eete \u00e0 bijoux\",\"potentialAction\":[{\"@type\":\"SearchAction\",\"target\":{\"@type\":\"EntryPoint\",\"urlTemplate\":\"https:\/\/www.dardel.com\/?s={search_term_string}\"},\"query-input\":{\"@type\":\"PropertyValueSpecification\",\"valueRequired\":true,\"valueName\":\"search_term_string\"}}],\"inLanguage\":\"en-US\"}]}<\/script>\n<!-- \/ Yoast SEO plugin. -->","yoast_head_json":{"title":"Ecrin collier | Packaging de Luxe | Dardel","description":"Ecrin collier \u00e0 d\u00e9couvir sur Dardel. Fabricant fran\u00e7ais du packaging de luxe.","robots":{"index":"index","follow":"follow","max-snippet":"max-snippet:-1","max-image-preview":"max-image-preview:large","max-video-preview":"max-video-preview:-1"},"canonical":"https:\/\/www.dardel.com\/catalogue\/ecrins-a-bijoux\/serie-72-cuir-lisse-forme-chapelle\/serie-72-avec-patte-de-fermeture\/serie-72-minimum-50-pieces\/ecrin-collier-2\/","og_locale":"en_US","og_type":"article","og_title":"Ecrin collier | Packaging de Luxe | Dardel","og_description":"Ecrin collier \u00e0 d\u00e9couvir sur Dardel. Fabricant fran\u00e7ais du packaging de luxe.","og_url":"https:\/\/www.dardel.com\/catalogue\/ecrins-a-bijoux\/serie-72-cuir-lisse-forme-chapelle\/serie-72-avec-patte-de-fermeture\/serie-72-minimum-50-pieces\/ecrin-collier-2\/","og_site_name":"Dardel","article_modified_time":"2020-12-26T01:52:40+00:00","og_image":[{"width":1000,"height":1000,"url":"https:\/\/www.dardel.com\/wp-content\/uploads\/2020\/12\/7223-int-rouge-ext-menthe-mint.png","type":"image\/png"}],"twitter_card":"summary_large_image","schema":{"@context":"https:\/\/schema.org","@graph":[{"@type":"WebPage","@id":"https:\/\/www.dardel.com\/catalogue\/ecrins-a-bijoux\/serie-72-cuir-lisse-forme-chapelle\/serie-72-avec-patte-de-fermeture\/serie-72-minimum-50-pieces\/ecrin-collier-2\/","url":"https:\/\/www.dardel.com\/catalogue\/ecrins-a-bijoux\/serie-72-cuir-lisse-forme-chapelle\/serie-72-avec-patte-de-fermeture\/serie-72-minimum-50-pieces\/ecrin-collier-2\/","name":"Ecrin collier | Packaging de Luxe | Dardel","isPartOf":{"@id":"https:\/\/www.dardel.com\/#website"},"primaryImageOfPage":{"@id":"https:\/\/www.dardel.com\/catalogue\/ecrins-a-bijoux\/serie-72-cuir-lisse-forme-chapelle\/serie-72-avec-patte-de-fermeture\/serie-72-minimum-50-pieces\/ecrin-collier-2\/#primaryimage"},"image":{"@id":"https:\/\/www.dardel.com\/catalogue\/ecrins-a-bijoux\/serie-72-cuir-lisse-forme-chapelle\/serie-72-avec-patte-de-fermeture\/serie-72-minimum-50-pieces\/ecrin-collier-2\/#primaryimage"},"thumbnailUrl":"https:\/\/www.dardel.com\/wp-content\/uploads\/2020\/12\/7223-int-rouge-ext-menthe-mint.png","datePublished":"2020-12-24T13:30:53+00:00","dateModified":"2020-12-26T01:52:40+00:00","description":"Ecrin collier \u00e0 d\u00e9couvir sur Dardel. Fabricant fran\u00e7ais du packaging de luxe.","breadcrumb":{"@id":"https:\/\/www.dardel.com\/catalogue\/ecrins-a-bijoux\/serie-72-cuir-lisse-forme-chapelle\/serie-72-avec-patte-de-fermeture\/serie-72-minimum-50-pieces\/ecrin-collier-2\/#breadcrumb"},"inLanguage":"en-US","potentialAction":[{"@type":"ReadAction","target":["https:\/\/www.dardel.com\/catalogue\/ecrins-a-bijoux\/serie-72-cuir-lisse-forme-chapelle\/serie-72-avec-patte-de-fermeture\/serie-72-minimum-50-pieces\/ecrin-collier-2\/"]}]},{"@type":"ImageObject","inLanguage":"en-US","@id":"https:\/\/www.dardel.com\/catalogue\/ecrins-a-bijoux\/serie-72-cuir-lisse-forme-chapelle\/serie-72-avec-patte-de-fermeture\/serie-72-minimum-50-pieces\/ecrin-collier-2\/#primaryimage","url":"https:\/\/www.dardel.com\/wp-content\/uploads\/2020\/12\/7223-int-rouge-ext-menthe-mint.png","contentUrl":"https:\/\/www.dardel.com\/wp-content\/uploads\/2020\/12\/7223-int-rouge-ext-menthe-mint.png","width":1000,"height":1000},{"@type":"BreadcrumbList","@id":"https:\/\/www.dardel.com\/catalogue\/ecrins-a-bijoux\/serie-72-cuir-lisse-forme-chapelle\/serie-72-avec-patte-de-fermeture\/serie-72-minimum-50-pieces\/ecrin-collier-2\/#breadcrumb","itemListElement":[{"@type":"ListItem","position":1,"name":"Accueil","item":"https:\/\/www.dardel.com\/"},{"@type":"ListItem","position":2,"name":"Catalogue","item":"https:\/\/www.dardel.com\/catalogue\/"},{"@type":"ListItem","position":3,"name":"Ecrin collier"}]},{"@type":"WebSite","@id":"https:\/\/www.dardel.com\/#website","url":"https:\/\/www.dardel.com\/","name":"Dardel","description":"Packaging luxe, pr\u00e9sentoir bijoux, bo\u00eete \u00e0 bijoux","potentialAction":[{"@type":"SearchAction","target":{"@type":"EntryPoint","urlTemplate":"https:\/\/www.dardel.com\/?s={search_term_string}"},"query-input":{"@type":"PropertyValueSpecification","valueRequired":true,"valueName":"search_term_string"}}],"inLanguage":"en-US"}]}},"_links":{"self":[{"href":"https:\/\/www.dardel.com\/en\/wp-json\/wp\/v2\/product\/159747","targetHints":{"allow":["GET"]}}],"collection":[{"href":"https:\/\/www.dardel.com\/en\/wp-json\/wp\/v2\/product"}],"about":[{"href":"https:\/\/www.dardel.com\/en\/wp-json\/wp\/v2\/types\/product"}],"wp:featuredmedia":[{"embeddable":true,"href":"https:\/\/www.dardel.com\/en\/wp-json\/wp\/v2\/media\/168756"}],"wp:attachment":[{"href":"https:\/\/www.dardel.com\/en\/wp-json\/wp\/v2\/media?parent=159747"}],"wp:term":[{"taxonomy":"product_cat","embeddable":true,"href":"https:\/\/www.dardel.com\/en\/wp-json\/wp\/v2\/product_cat?post=159747"},{"taxonomy":"product_tag","embeddable":true,"href":"https:\/\/www.dardel.com\/en\/wp-json\/wp\/v2\/product_tag?post=159747"}],"curies":[{"name":"wp","href":"https:\/\/api.w.org\/{rel}","templated":true}]}}