{"id":213403,"date":"2021-01-10T23:17:40","date_gmt":"2021-01-10T22:17:40","guid":{"rendered":"https:\/\/www.dardel.com\/?post_type=product&#038;p=213403"},"modified":"2022-09-23T23:46:35","modified_gmt":"2022-09-23T21:46:35","slug":"ecrin-universel-insert-boucles-doreilles-pm-2","status":"publish","type":"product","link":"https:\/\/www.dardel.com\/en\/catalogue\/ecrins-a-bijoux\/serie-cozy-metal-x-silktouch\/serie-63-cozy-silktouch\/ecrin-universel-insert-boucles-doreilles-pm-2\/","title":{"rendered":"\u00c9crin Universel + insert boucles d&#8217;oreilles PM"},"content":{"rendered":"<section class=\"wpb-content-wrapper\"><section data-vc-full-width=\"true\" data-vc-full-width-init=\"false\" class=\"vc_row wpb_row vc_row-fluid     hongo-stretch-content hongo-stretch-row-container\"><div class=\"wpb_column vc_column_container col-xs-mobile-fullwidth vc_col-sm-12\"><div class=\"vc_column-inner\"><div class=\"wpb_wrapper\"><\/div><\/div><\/div><\/section><div class=\"vc_row-full-width vc_clearfix\"><\/div>\n<\/section>","protected":false},"excerpt":{"rendered":"<p>Ecrin Cozy Silktouch avec fourreau coulissant<\/p>\n<ul>\n<li>Ext\u00e9rieur en papier renforc\u00e9<\/li>\n<li>Int\u00e9rieur en similicuir<\/li>\n<li>Marquage du logo sur le dessus et \u00e0 l\u2019int\u00e9rieur de l\u2019\u00e9crin et le dessus du fourreau<\/li>\n<li>Livr\u00e9 dans un fourreau carton<\/li>\n<\/ul>\n","protected":false},"featured_media":218996,"template":"","meta":[],"product_cat":[130],"product_tag":[],"class_list":{"0":"post-213403","1":"product","2":"type-product","3":"status-publish","4":"has-post-thumbnail","6":"product_cat-serie-63-cozy-silktouch","8":"first","9":"onbackorder","10":"featured","11":"shipping-taxable","12":"product-type-variable","13":"has-default-attributes","14":"hongo-alternate-image-wrap"},"yoast_head":"<!-- This site is optimized with the Yoast SEO plugin v25.8 - https:\/\/yoast.com\/wordpress\/plugins\/seo\/ -->\n<title>\u00c9crin Universel + insert boucles d&#039;oreilles PM | Packaging de Luxe | Dardel<\/title>\n<meta name=\"description\" content=\"\u00c9crin Universel + insert boucles d&#039;oreilles PM \u00e0 d\u00e9couvir sur Dardel. Fabricant fran\u00e7ais du packaging de luxe.\" \/>\n<meta name=\"robots\" content=\"index, follow, max-snippet:-1, max-image-preview:large, max-video-preview:-1\" \/>\n<link rel=\"canonical\" href=\"https:\/\/www.dardel.com\/catalogue\/ecrins-a-bijoux\/serie-cozy-metal-x-silktouch\/serie-63-cozy-silktouch\/ecrin-universel-insert-boucles-doreilles-pm-2\/\" \/>\n<meta property=\"og:locale\" content=\"en_US\" \/>\n<meta property=\"og:type\" content=\"article\" \/>\n<meta property=\"og:title\" content=\"\u00c9crin Universel + insert boucles d&#039;oreilles PM | Packaging de Luxe | Dardel\" \/>\n<meta property=\"og:description\" content=\"\u00c9crin Universel + insert boucles d&#039;oreilles PM \u00e0 d\u00e9couvir sur Dardel. Fabricant fran\u00e7ais du packaging de luxe.\" \/>\n<meta property=\"og:url\" content=\"https:\/\/www.dardel.com\/catalogue\/ecrins-a-bijoux\/serie-cozy-metal-x-silktouch\/serie-63-cozy-silktouch\/ecrin-universel-insert-boucles-doreilles-pm-2\/\" \/>\n<meta property=\"og:site_name\" content=\"Dardel\" \/>\n<meta property=\"article:modified_time\" content=\"2022-09-23T21:46:35+00:00\" \/>\n<meta property=\"og:image\" content=\"https:\/\/www.dardel.com\/wp-content\/uploads\/2021\/01\/cozy-silktouch-4-int-gris-fonce-ext-gris-fonce.png\" \/>\n\t<meta property=\"og:image:width\" content=\"1\" \/>\n\t<meta property=\"og:image:height\" content=\"1\" \/>\n\t<meta property=\"og:image:type\" content=\"image\/png\" \/>\n<meta name=\"twitter:card\" content=\"summary_large_image\" \/>\n<script type=\"application\/ld+json\" class=\"yoast-schema-graph\">{\"@context\":\"https:\/\/schema.org\",\"@graph\":[{\"@type\":\"WebPage\",\"@id\":\"https:\/\/www.dardel.com\/catalogue\/ecrins-a-bijoux\/serie-cozy-metal-x-silktouch\/serie-63-cozy-silktouch\/ecrin-universel-insert-boucles-doreilles-pm-2\/\",\"url\":\"https:\/\/www.dardel.com\/catalogue\/ecrins-a-bijoux\/serie-cozy-metal-x-silktouch\/serie-63-cozy-silktouch\/ecrin-universel-insert-boucles-doreilles-pm-2\/\",\"name\":\"\u00c9crin Universel + insert boucles d'oreilles PM | Packaging de Luxe | Dardel\",\"isPartOf\":{\"@id\":\"https:\/\/www.dardel.com\/#website\"},\"primaryImageOfPage\":{\"@id\":\"https:\/\/www.dardel.com\/catalogue\/ecrins-a-bijoux\/serie-cozy-metal-x-silktouch\/serie-63-cozy-silktouch\/ecrin-universel-insert-boucles-doreilles-pm-2\/#primaryimage\"},\"image\":{\"@id\":\"https:\/\/www.dardel.com\/catalogue\/ecrins-a-bijoux\/serie-cozy-metal-x-silktouch\/serie-63-cozy-silktouch\/ecrin-universel-insert-boucles-doreilles-pm-2\/#primaryimage\"},\"thumbnailUrl\":\"https:\/\/www.dardel.com\/wp-content\/uploads\/2021\/01\/cozy-silktouch-4-int-gris-fonce-ext-gris-fonce.png\",\"datePublished\":\"2021-01-10T22:17:40+00:00\",\"dateModified\":\"2022-09-23T21:46:35+00:00\",\"description\":\"\u00c9crin Universel + insert boucles d'oreilles PM \u00e0 d\u00e9couvir sur Dardel. Fabricant fran\u00e7ais du packaging de luxe.\",\"breadcrumb\":{\"@id\":\"https:\/\/www.dardel.com\/catalogue\/ecrins-a-bijoux\/serie-cozy-metal-x-silktouch\/serie-63-cozy-silktouch\/ecrin-universel-insert-boucles-doreilles-pm-2\/#breadcrumb\"},\"inLanguage\":\"en-US\",\"potentialAction\":[{\"@type\":\"ReadAction\",\"target\":[\"https:\/\/www.dardel.com\/catalogue\/ecrins-a-bijoux\/serie-cozy-metal-x-silktouch\/serie-63-cozy-silktouch\/ecrin-universel-insert-boucles-doreilles-pm-2\/\"]}]},{\"@type\":\"ImageObject\",\"inLanguage\":\"en-US\",\"@id\":\"https:\/\/www.dardel.com\/catalogue\/ecrins-a-bijoux\/serie-cozy-metal-x-silktouch\/serie-63-cozy-silktouch\/ecrin-universel-insert-boucles-doreilles-pm-2\/#primaryimage\",\"url\":\"https:\/\/www.dardel.com\/wp-content\/uploads\/2021\/01\/cozy-silktouch-4-int-gris-fonce-ext-gris-fonce.png\",\"contentUrl\":\"https:\/\/www.dardel.com\/wp-content\/uploads\/2021\/01\/cozy-silktouch-4-int-gris-fonce-ext-gris-fonce.png\"},{\"@type\":\"BreadcrumbList\",\"@id\":\"https:\/\/www.dardel.com\/catalogue\/ecrins-a-bijoux\/serie-cozy-metal-x-silktouch\/serie-63-cozy-silktouch\/ecrin-universel-insert-boucles-doreilles-pm-2\/#breadcrumb\",\"itemListElement\":[{\"@type\":\"ListItem\",\"position\":1,\"name\":\"Accueil\",\"item\":\"https:\/\/www.dardel.com\/\"},{\"@type\":\"ListItem\",\"position\":2,\"name\":\"Catalogue\",\"item\":\"https:\/\/www.dardel.com\/catalogue\/\"},{\"@type\":\"ListItem\",\"position\":3,\"name\":\"\u00c9crin Universel + insert boucles d&#8217;oreilles PM\"}]},{\"@type\":\"WebSite\",\"@id\":\"https:\/\/www.dardel.com\/#website\",\"url\":\"https:\/\/www.dardel.com\/\",\"name\":\"Dardel\",\"description\":\"Packaging luxe, pr\u00e9sentoir bijoux, bo\u00eete \u00e0 bijoux\",\"potentialAction\":[{\"@type\":\"SearchAction\",\"target\":{\"@type\":\"EntryPoint\",\"urlTemplate\":\"https:\/\/www.dardel.com\/?s={search_term_string}\"},\"query-input\":{\"@type\":\"PropertyValueSpecification\",\"valueRequired\":true,\"valueName\":\"search_term_string\"}}],\"inLanguage\":\"en-US\"}]}<\/script>\n<!-- \/ Yoast SEO plugin. -->","yoast_head_json":{"title":"\u00c9crin Universel + insert boucles d'oreilles PM | Packaging de Luxe | Dardel","description":"\u00c9crin Universel + insert boucles d'oreilles PM \u00e0 d\u00e9couvir sur Dardel. Fabricant fran\u00e7ais du packaging de luxe.","robots":{"index":"index","follow":"follow","max-snippet":"max-snippet:-1","max-image-preview":"max-image-preview:large","max-video-preview":"max-video-preview:-1"},"canonical":"https:\/\/www.dardel.com\/catalogue\/ecrins-a-bijoux\/serie-cozy-metal-x-silktouch\/serie-63-cozy-silktouch\/ecrin-universel-insert-boucles-doreilles-pm-2\/","og_locale":"en_US","og_type":"article","og_title":"\u00c9crin Universel + insert boucles d'oreilles PM | Packaging de Luxe | Dardel","og_description":"\u00c9crin Universel + insert boucles d'oreilles PM \u00e0 d\u00e9couvir sur Dardel. Fabricant fran\u00e7ais du packaging de luxe.","og_url":"https:\/\/www.dardel.com\/catalogue\/ecrins-a-bijoux\/serie-cozy-metal-x-silktouch\/serie-63-cozy-silktouch\/ecrin-universel-insert-boucles-doreilles-pm-2\/","og_site_name":"Dardel","article_modified_time":"2022-09-23T21:46:35+00:00","og_image":[{"url":"https:\/\/www.dardel.com\/wp-content\/uploads\/2021\/01\/cozy-silktouch-4-int-gris-fonce-ext-gris-fonce.png","width":1,"height":1,"type":"image\/png"}],"twitter_card":"summary_large_image","schema":{"@context":"https:\/\/schema.org","@graph":[{"@type":"WebPage","@id":"https:\/\/www.dardel.com\/catalogue\/ecrins-a-bijoux\/serie-cozy-metal-x-silktouch\/serie-63-cozy-silktouch\/ecrin-universel-insert-boucles-doreilles-pm-2\/","url":"https:\/\/www.dardel.com\/catalogue\/ecrins-a-bijoux\/serie-cozy-metal-x-silktouch\/serie-63-cozy-silktouch\/ecrin-universel-insert-boucles-doreilles-pm-2\/","name":"\u00c9crin Universel + insert boucles d'oreilles PM | Packaging de Luxe | Dardel","isPartOf":{"@id":"https:\/\/www.dardel.com\/#website"},"primaryImageOfPage":{"@id":"https:\/\/www.dardel.com\/catalogue\/ecrins-a-bijoux\/serie-cozy-metal-x-silktouch\/serie-63-cozy-silktouch\/ecrin-universel-insert-boucles-doreilles-pm-2\/#primaryimage"},"image":{"@id":"https:\/\/www.dardel.com\/catalogue\/ecrins-a-bijoux\/serie-cozy-metal-x-silktouch\/serie-63-cozy-silktouch\/ecrin-universel-insert-boucles-doreilles-pm-2\/#primaryimage"},"thumbnailUrl":"https:\/\/www.dardel.com\/wp-content\/uploads\/2021\/01\/cozy-silktouch-4-int-gris-fonce-ext-gris-fonce.png","datePublished":"2021-01-10T22:17:40+00:00","dateModified":"2022-09-23T21:46:35+00:00","description":"\u00c9crin Universel + insert boucles d'oreilles PM \u00e0 d\u00e9couvir sur Dardel. Fabricant fran\u00e7ais du packaging de luxe.","breadcrumb":{"@id":"https:\/\/www.dardel.com\/catalogue\/ecrins-a-bijoux\/serie-cozy-metal-x-silktouch\/serie-63-cozy-silktouch\/ecrin-universel-insert-boucles-doreilles-pm-2\/#breadcrumb"},"inLanguage":"en-US","potentialAction":[{"@type":"ReadAction","target":["https:\/\/www.dardel.com\/catalogue\/ecrins-a-bijoux\/serie-cozy-metal-x-silktouch\/serie-63-cozy-silktouch\/ecrin-universel-insert-boucles-doreilles-pm-2\/"]}]},{"@type":"ImageObject","inLanguage":"en-US","@id":"https:\/\/www.dardel.com\/catalogue\/ecrins-a-bijoux\/serie-cozy-metal-x-silktouch\/serie-63-cozy-silktouch\/ecrin-universel-insert-boucles-doreilles-pm-2\/#primaryimage","url":"https:\/\/www.dardel.com\/wp-content\/uploads\/2021\/01\/cozy-silktouch-4-int-gris-fonce-ext-gris-fonce.png","contentUrl":"https:\/\/www.dardel.com\/wp-content\/uploads\/2021\/01\/cozy-silktouch-4-int-gris-fonce-ext-gris-fonce.png"},{"@type":"BreadcrumbList","@id":"https:\/\/www.dardel.com\/catalogue\/ecrins-a-bijoux\/serie-cozy-metal-x-silktouch\/serie-63-cozy-silktouch\/ecrin-universel-insert-boucles-doreilles-pm-2\/#breadcrumb","itemListElement":[{"@type":"ListItem","position":1,"name":"Accueil","item":"https:\/\/www.dardel.com\/"},{"@type":"ListItem","position":2,"name":"Catalogue","item":"https:\/\/www.dardel.com\/catalogue\/"},{"@type":"ListItem","position":3,"name":"\u00c9crin Universel + insert boucles d&#8217;oreilles PM"}]},{"@type":"WebSite","@id":"https:\/\/www.dardel.com\/#website","url":"https:\/\/www.dardel.com\/","name":"Dardel","description":"Packaging luxe, pr\u00e9sentoir bijoux, bo\u00eete \u00e0 bijoux","potentialAction":[{"@type":"SearchAction","target":{"@type":"EntryPoint","urlTemplate":"https:\/\/www.dardel.com\/?s={search_term_string}"},"query-input":{"@type":"PropertyValueSpecification","valueRequired":true,"valueName":"search_term_string"}}],"inLanguage":"en-US"}]}},"_links":{"self":[{"href":"https:\/\/www.dardel.com\/en\/wp-json\/wp\/v2\/product\/213403","targetHints":{"allow":["GET"]}}],"collection":[{"href":"https:\/\/www.dardel.com\/en\/wp-json\/wp\/v2\/product"}],"about":[{"href":"https:\/\/www.dardel.com\/en\/wp-json\/wp\/v2\/types\/product"}],"wp:featuredmedia":[{"embeddable":true,"href":"https:\/\/www.dardel.com\/en\/wp-json\/wp\/v2\/media\/218996"}],"wp:attachment":[{"href":"https:\/\/www.dardel.com\/en\/wp-json\/wp\/v2\/media?parent=213403"}],"wp:term":[{"taxonomy":"product_cat","embeddable":true,"href":"https:\/\/www.dardel.com\/en\/wp-json\/wp\/v2\/product_cat?post=213403"},{"taxonomy":"product_tag","embeddable":true,"href":"https:\/\/www.dardel.com\/en\/wp-json\/wp\/v2\/product_tag?post=213403"}],"curies":[{"name":"wp","href":"https:\/\/api.w.org\/{rel}","templated":true}]}}