{"id":304340,"date":"2021-03-01T14:23:19","date_gmt":"2021-03-01T13:23:19","guid":{"rendered":"https:\/\/www.dardel.com\/?post_type=product&#038;p=304340"},"modified":"2021-03-01T23:32:03","modified_gmt":"2021-03-01T22:32:03","slug":"cone-bague-chevre-velours","status":"publish","type":"product","link":"https:\/\/www.dardel.com\/en\/catalogue\/presentoirs-et-bustes\/free-style-cuir-et-veritable-daim\/cone-bague-chevre-velours\/","title":{"rendered":"Cone bague ch\u00e8vre velours"},"content":{"rendered":"","protected":false},"excerpt":{"rendered":"<p>Texture m\u00e9tallique et v\u00e9ritable daim sur fabrication<\/p>\n<p>Un mix subtil de mati\u00e8res conventionnelles et modernes, avec un large choix de couleurs et de formes conventionnelles.<\/p>\n<p>Des pr\u00e9sentoirs con\u00e7us pour mettre en valeur toutes vos plus belles \u0153uvres et embellir vos vitrines de pr\u00e9sentation.<\/p>\n","protected":false},"featured_media":312951,"template":"","meta":[],"product_cat":[424],"product_tag":[],"class_list":{"0":"post-304340","1":"product","2":"type-product","3":"status-publish","4":"has-post-thumbnail","6":"product_cat-free-style-cuir-et-veritable-daim","8":"first","9":"onbackorder","10":"featured","11":"shipping-taxable","12":"product-type-variable","13":"has-default-attributes","14":"hongo-alternate-image-wrap"},"yoast_head":"<!-- This site is optimized with the Yoast SEO plugin v25.8 - https:\/\/yoast.com\/wordpress\/plugins\/seo\/ -->\n<title>Cone bague ch\u00e8vre velours | Packaging de Luxe | Dardel<\/title>\n<meta name=\"description\" content=\"Cone bague ch\u00e8vre velours \u00e0 d\u00e9couvir sur Dardel. Fabricant fran\u00e7ais du packaging de luxe.\" \/>\n<meta name=\"robots\" content=\"index, follow, max-snippet:-1, max-image-preview:large, max-video-preview:-1\" \/>\n<link rel=\"canonical\" href=\"https:\/\/www.dardel.com\/catalogue\/presentoirs-et-bustes\/free-style-cuir-et-veritable-daim\/cone-bague-chevre-velours\/\" \/>\n<meta property=\"og:locale\" content=\"en_US\" \/>\n<meta property=\"og:type\" content=\"article\" \/>\n<meta property=\"og:title\" content=\"Cone bague ch\u00e8vre velours | Packaging de Luxe | Dardel\" \/>\n<meta property=\"og:description\" content=\"Cone bague ch\u00e8vre velours \u00e0 d\u00e9couvir sur Dardel. Fabricant fran\u00e7ais du packaging de luxe.\" \/>\n<meta property=\"og:url\" content=\"https:\/\/www.dardel.com\/catalogue\/presentoirs-et-bustes\/free-style-cuir-et-veritable-daim\/cone-bague-chevre-velours\/\" \/>\n<meta property=\"og:site_name\" content=\"Dardel\" \/>\n<meta property=\"article:modified_time\" content=\"2021-03-01T22:32:03+00:00\" \/>\n<meta property=\"og:image\" content=\"https:\/\/www.dardel.com\/wp-content\/uploads\/2021\/03\/E1244-CUIR-int-clematite.png\" \/>\n\t<meta property=\"og:image:width\" content=\"1\" \/>\n\t<meta property=\"og:image:height\" content=\"1\" \/>\n\t<meta property=\"og:image:type\" content=\"image\/png\" \/>\n<meta name=\"twitter:card\" content=\"summary_large_image\" \/>\n<script type=\"application\/ld+json\" class=\"yoast-schema-graph\">{\"@context\":\"https:\/\/schema.org\",\"@graph\":[{\"@type\":\"WebPage\",\"@id\":\"https:\/\/www.dardel.com\/catalogue\/presentoirs-et-bustes\/free-style-cuir-et-veritable-daim\/cone-bague-chevre-velours\/\",\"url\":\"https:\/\/www.dardel.com\/catalogue\/presentoirs-et-bustes\/free-style-cuir-et-veritable-daim\/cone-bague-chevre-velours\/\",\"name\":\"Cone bague ch\u00e8vre velours | Packaging de Luxe | Dardel\",\"isPartOf\":{\"@id\":\"https:\/\/www.dardel.com\/#website\"},\"primaryImageOfPage\":{\"@id\":\"https:\/\/www.dardel.com\/catalogue\/presentoirs-et-bustes\/free-style-cuir-et-veritable-daim\/cone-bague-chevre-velours\/#primaryimage\"},\"image\":{\"@id\":\"https:\/\/www.dardel.com\/catalogue\/presentoirs-et-bustes\/free-style-cuir-et-veritable-daim\/cone-bague-chevre-velours\/#primaryimage\"},\"thumbnailUrl\":\"https:\/\/www.dardel.com\/wp-content\/uploads\/2021\/03\/E1244-CUIR-int-clematite.png\",\"datePublished\":\"2021-03-01T13:23:19+00:00\",\"dateModified\":\"2021-03-01T22:32:03+00:00\",\"description\":\"Cone bague ch\u00e8vre velours \u00e0 d\u00e9couvir sur Dardel. Fabricant fran\u00e7ais du packaging de luxe.\",\"breadcrumb\":{\"@id\":\"https:\/\/www.dardel.com\/catalogue\/presentoirs-et-bustes\/free-style-cuir-et-veritable-daim\/cone-bague-chevre-velours\/#breadcrumb\"},\"inLanguage\":\"en-US\",\"potentialAction\":[{\"@type\":\"ReadAction\",\"target\":[\"https:\/\/www.dardel.com\/catalogue\/presentoirs-et-bustes\/free-style-cuir-et-veritable-daim\/cone-bague-chevre-velours\/\"]}]},{\"@type\":\"ImageObject\",\"inLanguage\":\"en-US\",\"@id\":\"https:\/\/www.dardel.com\/catalogue\/presentoirs-et-bustes\/free-style-cuir-et-veritable-daim\/cone-bague-chevre-velours\/#primaryimage\",\"url\":\"https:\/\/www.dardel.com\/wp-content\/uploads\/2021\/03\/E1244-CUIR-int-clematite.png\",\"contentUrl\":\"https:\/\/www.dardel.com\/wp-content\/uploads\/2021\/03\/E1244-CUIR-int-clematite.png\"},{\"@type\":\"BreadcrumbList\",\"@id\":\"https:\/\/www.dardel.com\/catalogue\/presentoirs-et-bustes\/free-style-cuir-et-veritable-daim\/cone-bague-chevre-velours\/#breadcrumb\",\"itemListElement\":[{\"@type\":\"ListItem\",\"position\":1,\"name\":\"Accueil\",\"item\":\"https:\/\/www.dardel.com\/\"},{\"@type\":\"ListItem\",\"position\":2,\"name\":\"Catalogue\",\"item\":\"https:\/\/www.dardel.com\/catalogue\/\"},{\"@type\":\"ListItem\",\"position\":3,\"name\":\"Cone bague ch\u00e8vre velours\"}]},{\"@type\":\"WebSite\",\"@id\":\"https:\/\/www.dardel.com\/#website\",\"url\":\"https:\/\/www.dardel.com\/\",\"name\":\"Dardel\",\"description\":\"Packaging luxe, pr\u00e9sentoir bijoux, bo\u00eete \u00e0 bijoux\",\"potentialAction\":[{\"@type\":\"SearchAction\",\"target\":{\"@type\":\"EntryPoint\",\"urlTemplate\":\"https:\/\/www.dardel.com\/?s={search_term_string}\"},\"query-input\":{\"@type\":\"PropertyValueSpecification\",\"valueRequired\":true,\"valueName\":\"search_term_string\"}}],\"inLanguage\":\"en-US\"}]}<\/script>\n<!-- \/ Yoast SEO plugin. -->","yoast_head_json":{"title":"Cone bague ch\u00e8vre velours | Packaging de Luxe | Dardel","description":"Cone bague ch\u00e8vre velours \u00e0 d\u00e9couvir sur Dardel. Fabricant fran\u00e7ais du packaging de luxe.","robots":{"index":"index","follow":"follow","max-snippet":"max-snippet:-1","max-image-preview":"max-image-preview:large","max-video-preview":"max-video-preview:-1"},"canonical":"https:\/\/www.dardel.com\/catalogue\/presentoirs-et-bustes\/free-style-cuir-et-veritable-daim\/cone-bague-chevre-velours\/","og_locale":"en_US","og_type":"article","og_title":"Cone bague ch\u00e8vre velours | Packaging de Luxe | Dardel","og_description":"Cone bague ch\u00e8vre velours \u00e0 d\u00e9couvir sur Dardel. Fabricant fran\u00e7ais du packaging de luxe.","og_url":"https:\/\/www.dardel.com\/catalogue\/presentoirs-et-bustes\/free-style-cuir-et-veritable-daim\/cone-bague-chevre-velours\/","og_site_name":"Dardel","article_modified_time":"2021-03-01T22:32:03+00:00","og_image":[{"url":"https:\/\/www.dardel.com\/wp-content\/uploads\/2021\/03\/E1244-CUIR-int-clematite.png","width":1,"height":1,"type":"image\/png"}],"twitter_card":"summary_large_image","schema":{"@context":"https:\/\/schema.org","@graph":[{"@type":"WebPage","@id":"https:\/\/www.dardel.com\/catalogue\/presentoirs-et-bustes\/free-style-cuir-et-veritable-daim\/cone-bague-chevre-velours\/","url":"https:\/\/www.dardel.com\/catalogue\/presentoirs-et-bustes\/free-style-cuir-et-veritable-daim\/cone-bague-chevre-velours\/","name":"Cone bague ch\u00e8vre velours | Packaging de Luxe | Dardel","isPartOf":{"@id":"https:\/\/www.dardel.com\/#website"},"primaryImageOfPage":{"@id":"https:\/\/www.dardel.com\/catalogue\/presentoirs-et-bustes\/free-style-cuir-et-veritable-daim\/cone-bague-chevre-velours\/#primaryimage"},"image":{"@id":"https:\/\/www.dardel.com\/catalogue\/presentoirs-et-bustes\/free-style-cuir-et-veritable-daim\/cone-bague-chevre-velours\/#primaryimage"},"thumbnailUrl":"https:\/\/www.dardel.com\/wp-content\/uploads\/2021\/03\/E1244-CUIR-int-clematite.png","datePublished":"2021-03-01T13:23:19+00:00","dateModified":"2021-03-01T22:32:03+00:00","description":"Cone bague ch\u00e8vre velours \u00e0 d\u00e9couvir sur Dardel. Fabricant fran\u00e7ais du packaging de luxe.","breadcrumb":{"@id":"https:\/\/www.dardel.com\/catalogue\/presentoirs-et-bustes\/free-style-cuir-et-veritable-daim\/cone-bague-chevre-velours\/#breadcrumb"},"inLanguage":"en-US","potentialAction":[{"@type":"ReadAction","target":["https:\/\/www.dardel.com\/catalogue\/presentoirs-et-bustes\/free-style-cuir-et-veritable-daim\/cone-bague-chevre-velours\/"]}]},{"@type":"ImageObject","inLanguage":"en-US","@id":"https:\/\/www.dardel.com\/catalogue\/presentoirs-et-bustes\/free-style-cuir-et-veritable-daim\/cone-bague-chevre-velours\/#primaryimage","url":"https:\/\/www.dardel.com\/wp-content\/uploads\/2021\/03\/E1244-CUIR-int-clematite.png","contentUrl":"https:\/\/www.dardel.com\/wp-content\/uploads\/2021\/03\/E1244-CUIR-int-clematite.png"},{"@type":"BreadcrumbList","@id":"https:\/\/www.dardel.com\/catalogue\/presentoirs-et-bustes\/free-style-cuir-et-veritable-daim\/cone-bague-chevre-velours\/#breadcrumb","itemListElement":[{"@type":"ListItem","position":1,"name":"Accueil","item":"https:\/\/www.dardel.com\/"},{"@type":"ListItem","position":2,"name":"Catalogue","item":"https:\/\/www.dardel.com\/catalogue\/"},{"@type":"ListItem","position":3,"name":"Cone bague ch\u00e8vre velours"}]},{"@type":"WebSite","@id":"https:\/\/www.dardel.com\/#website","url":"https:\/\/www.dardel.com\/","name":"Dardel","description":"Packaging luxe, pr\u00e9sentoir bijoux, bo\u00eete \u00e0 bijoux","potentialAction":[{"@type":"SearchAction","target":{"@type":"EntryPoint","urlTemplate":"https:\/\/www.dardel.com\/?s={search_term_string}"},"query-input":{"@type":"PropertyValueSpecification","valueRequired":true,"valueName":"search_term_string"}}],"inLanguage":"en-US"}]}},"_links":{"self":[{"href":"https:\/\/www.dardel.com\/en\/wp-json\/wp\/v2\/product\/304340","targetHints":{"allow":["GET"]}}],"collection":[{"href":"https:\/\/www.dardel.com\/en\/wp-json\/wp\/v2\/product"}],"about":[{"href":"https:\/\/www.dardel.com\/en\/wp-json\/wp\/v2\/types\/product"}],"wp:featuredmedia":[{"embeddable":true,"href":"https:\/\/www.dardel.com\/en\/wp-json\/wp\/v2\/media\/312951"}],"wp:attachment":[{"href":"https:\/\/www.dardel.com\/en\/wp-json\/wp\/v2\/media?parent=304340"}],"wp:term":[{"taxonomy":"product_cat","embeddable":true,"href":"https:\/\/www.dardel.com\/en\/wp-json\/wp\/v2\/product_cat?post=304340"},{"taxonomy":"product_tag","embeddable":true,"href":"https:\/\/www.dardel.com\/en\/wp-json\/wp\/v2\/product_tag?post=304340"}],"curies":[{"name":"wp","href":"https:\/\/api.w.org\/{rel}","templated":true}]}}